{"id":7552,"date":"2022-10-27T07:14:43","date_gmt":"2022-10-27T04:14:43","guid":{"rendered":"https:\/\/prosider.ro\/partners\/"},"modified":"2023-04-10T17:46:22","modified_gmt":"2023-04-10T14:46:22","slug":"partners","status":"publish","type":"page","link":"https:\/\/prosider.ro\/en\/partners\/","title":{"rendered":"Partners"},"content":{"rendered":"\t\t<div data-elementor-type=\"wp-page\" data-elementor-id=\"7552\" class=\"elementor elementor-7552 elementor-4620\" data-elementor-post-type=\"page\">\n\t\t\t\t<div class=\"elementor-element elementor-element-254d3c9 e-con-full e-flex e-con e-parent\" data-id=\"254d3c9\" data-element_type=\"container\" data-e-type=\"container\" data-settings=\"{&quot;background_background&quot;:&quot;classic&quot;}\">\n\t\t\t\t<div class=\"elementor-element elementor-element-fe827fb elementor-widget__width-initial elementor-widget elementor-widget-heading\" data-id=\"fe827fb\" data-element_type=\"widget\" data-e-type=\"widget\" data-widget_type=\"heading.default\">\n\t\t\t\t<div class=\"elementor-widget-container\">\n\t\t\t\t\t<h2 class=\"elementor-heading-title elementor-size-default\">Partners <\/h2>\t\t\t\t<\/div>\n\t\t\t\t<\/div>\n\t\t\t\t<div class=\"elementor-element elementor-element-638a0d7 elementor-widget elementor-widget-spacer\" data-id=\"638a0d7\" data-element_type=\"widget\" data-e-type=\"widget\" data-widget_type=\"spacer.default\">\n\t\t\t\t<div class=\"elementor-widget-container\">\n\t\t\t\t\t\t\t<div class=\"elementor-spacer\">\n\t\t\t<div class=\"elementor-spacer-inner\"><\/div>\n\t\t<\/div>\n\t\t\t\t\t\t<\/div>\n\t\t\t\t<\/div>\n\t\t\t\t<div class=\"elementor-element elementor-element-0171b33 elementor-widget__width-initial elementor-widget elementor-widget-heading\" data-id=\"0171b33\" data-element_type=\"widget\" data-e-type=\"widget\" data-widget_type=\"heading.default\">\n\t\t\t\t<div class=\"elementor-widget-container\">\n\t\t\t\t\t<h2 class=\"elementor-heading-title elementor-size-default\">Together we add value. <br>Our suppliers are long-term partners and <br>our goal is to maximize this partnership!<\/h2>\t\t\t\t<\/div>\n\t\t\t\t<\/div>\n\t\t\t\t<\/div>\n\t\t\t\t<section class=\"elementor-section elementor-top-section elementor-element elementor-element-02376ff elementor-section-content-middle elementor-section-full_width elementor-section-height-default elementor-section-height-default\" data-id=\"02376ff\" data-element_type=\"section\" data-e-type=\"section\">\n\t\t\t\t\t\t<div class=\"elementor-container elementor-column-gap-default\">\n\t\t\t\t\t<div class=\"elementor-column elementor-col-100 elementor-top-column elementor-element elementor-element-a592698\" data-id=\"a592698\" data-element_type=\"column\" data-e-type=\"column\">\n\t\t\t<div class=\"elementor-widget-wrap elementor-element-populated\">\n\t\t\t\t\t\t<div class=\"elementor-element elementor-element-ab7c6a1 elementor-widget elementor-widget-hub_fancy_heading\" data-id=\"ab7c6a1\" data-element_type=\"widget\" data-e-type=\"widget\" data-widget_type=\"hub_fancy_heading.default\">\n\t\t\t\t<div class=\"elementor-widget-container\">\n\t\t\t\t\t\n\t\t<div id=\"ld-fancy-heading-69f893856d64b\" class=\"ld-fancy-heading pos-rel\">\n\t\t\t<h2 class=\"ld-fh-element d-inline-block pos-rel  elementor-heading-title lqd-highlight-classic lqd-highlight-grow-left lqd-highlight-reset-onhover h2\"  > Since 2002, when our company was established, we have aimed to work only with partners who can deliver quality products.<br>\nThis is the only way we could be sure that we would be able to offer top-quality metallurgical products to the end customer.\n<\/h2>\t\t<\/div>\n\n\t\t\t\t\t\t<\/div>\n\t\t\t\t<\/div>\n\t\t\t\t<div class=\"elementor-element elementor-element-1aeb782 elementor-widget elementor-widget-spacer\" data-id=\"1aeb782\" data-element_type=\"widget\" data-e-type=\"widget\" data-widget_type=\"spacer.default\">\n\t\t\t\t<div class=\"elementor-widget-container\">\n\t\t\t\t\t\t\t<div class=\"elementor-spacer\">\n\t\t\t<div class=\"elementor-spacer-inner\"><\/div>\n\t\t<\/div>\n\t\t\t\t\t\t<\/div>\n\t\t\t\t<\/div>\n\t\t\t\t\t<\/div>\n\t\t<\/div>\n\t\t\t\t\t<\/div>\n\t\t<\/section>\n\t\t<div class=\"elementor-element elementor-element-a32a282 e-con-full e-flex e-con e-parent\" data-id=\"a32a282\" data-element_type=\"container\" data-e-type=\"container\">\n\t\t<div class=\"elementor-element elementor-element-486aca7 e-con-full e-flex e-con e-parent\" data-id=\"486aca7\" data-element_type=\"container\" data-e-type=\"container\">\n\t\t\t\t<div class=\"elementor-element elementor-element-c2d3045 elementor-widget__width-initial elementor-widget elementor-widget-heading\" data-id=\"c2d3045\" data-element_type=\"widget\" data-e-type=\"widget\" data-widget_type=\"heading.default\">\n\t\t\t\t<div class=\"elementor-widget-container\">\n\t\t\t\t\t<h2 class=\"elementor-heading-title elementor-size-default\">Here are the partners with whom we grow year by year and work with responsibility!<\/h2>\t\t\t\t<\/div>\n\t\t\t\t<\/div>\n\t\t\t\t<div class=\"elementor-element elementor-element-d77a0ab elementor-widget elementor-widget-spacer\" data-id=\"d77a0ab\" data-element_type=\"widget\" data-e-type=\"widget\" data-widget_type=\"spacer.default\">\n\t\t\t\t<div class=\"elementor-widget-container\">\n\t\t\t\t\t\t\t<div class=\"elementor-spacer\">\n\t\t\t<div class=\"elementor-spacer-inner\"><\/div>\n\t\t<\/div>\n\t\t\t\t\t\t<\/div>\n\t\t\t\t<\/div>\n\t\t\t\t<\/div>\n\t\t\t\t<\/div>\n\t\t<div class=\"elementor-element elementor-element-acd7a61 e-flex e-con-boxed e-con e-parent\" data-id=\"acd7a61\" data-element_type=\"container\" data-e-type=\"container\">\n\t\t\t\t\t<div class=\"e-con-inner\">\n\t\t<div class=\"elementor-element elementor-element-59a27fe e-con-full e-flex e-con e-parent\" data-id=\"59a27fe\" data-element_type=\"container\" data-e-type=\"container\">\n\t\t\t\t<div class=\"elementor-element elementor-element-9f0068d elementor-widget elementor-widget-image\" data-id=\"9f0068d\" data-element_type=\"widget\" data-e-type=\"widget\" data-widget_type=\"image.default\">\n\t\t\t\t<div class=\"elementor-widget-container\">\n\t\t\t\t\t\t\t\t\t\t\t\t\t\t\t<img fetchpriority=\"high\" decoding=\"async\" width=\"500\" height=\"182\" src=\"https:\/\/prosider.ro\/wp-content\/uploads\/2022\/12\/logo-toscelik.png\" class=\"attachment-1536x1536 size-1536x1536 wp-image-7535\" alt=\"\" srcset=\"https:\/\/prosider.ro\/wp-content\/uploads\/2022\/12\/logo-toscelik.png 500w, https:\/\/prosider.ro\/wp-content\/uploads\/2022\/12\/logo-toscelik-300x109.png 300w\" sizes=\"(max-width: 500px) 100vw, 500px\" \/>\t\t\t\t\t\t\t\t\t\t\t\t\t\t\t<\/div>\n\t\t\t\t<\/div>\n\t\t\t\t<\/div>\n\t\t<div class=\"elementor-element elementor-element-fcea047 e-con-full e-flex e-con e-parent\" data-id=\"fcea047\" data-element_type=\"container\" data-e-type=\"container\">\n\t\t\t\t<div class=\"elementor-element elementor-element-050f3cc elementor-widget elementor-widget-text-editor\" data-id=\"050f3cc\" data-element_type=\"widget\" data-e-type=\"widget\" data-widget_type=\"text-editor.default\">\n\t\t\t\t<div class=\"elementor-widget-container\">\n\t\t\t\t\t\t\t\t\t<p>The main supplier of longitudinally welded pipe is Toscelik Profile and Sheet Industry Co. from Turkey, part of the Tosyal\u0131 Holding Group with headquarters in Hatay \u0130skenderun, a group established in 1952.<\/p><p>In 2011, the company ranked 25th in the ISO 500 list of exports under the Tos\u00e7elik brand. With investments made under the motto &#8220;Turkey&#8217;s global steel producer&#8221; and the volume of exports increasing yearly, the company continues to rank among the top 20 companies in each edition of the ISO-500 list, steadily ascending.<\/p><p>In 2016, Tos\u00e7elik ranked 90th out of the top 1000 exporting companies and received the &#8220;Company with the highest export progress&#8221; award at the TIM (Turkish Exporters Council) &#8220;Export Champions&#8221; ceremony.<\/p><p>Exporting products to 135 countries, Tos\u00e7elik continues its activities that shape its local and international industry and investments and contribute to the overall development of the society.<\/p>\t\t\t\t\t\t\t\t<\/div>\n\t\t\t\t<\/div>\n\t\t\t\t<\/div>\n\t\t\t\t\t<\/div>\n\t\t\t\t<\/div>\n\t\t<div class=\"elementor-element elementor-element-7f5235c e-flex e-con-boxed e-con e-parent\" data-id=\"7f5235c\" data-element_type=\"container\" data-e-type=\"container\">\n\t\t\t\t\t<div class=\"e-con-inner\">\n\t\t<div class=\"elementor-element elementor-element-0e9b0ea e-con-full e-flex e-con e-parent\" data-id=\"0e9b0ea\" data-element_type=\"container\" data-e-type=\"container\">\n\t\t\t\t<div class=\"elementor-element elementor-element-6abcf83 elementor-widget elementor-widget-image\" data-id=\"6abcf83\" data-element_type=\"widget\" data-e-type=\"widget\" data-widget_type=\"image.default\">\n\t\t\t\t<div class=\"elementor-widget-container\">\n\t\t\t\t\t\t\t\t\t\t\t\t\t\t\t<img decoding=\"async\" width=\"500\" height=\"182\" src=\"data:image\/svg+xml;charset=utf-8,%3Csvg xmlns%3D&#039;http%3A%2F%2Fwww.w3.org%2F2000%2Fsvg&#039; viewBox%3D&#039;0 0 500 182&#039;%2F%3E\" class=\"attachment-large size-large wp-image-7533 ld-lazyload\" alt=\"\" data-src=\"https:\/\/prosider.ro\/wp-content\/uploads\/2022\/12\/logo.png\" data-srcset=\"https:\/\/prosider.ro\/wp-content\/uploads\/2022\/12\/logo.png 500w, https:\/\/prosider.ro\/wp-content\/uploads\/2022\/12\/logo-300x109.png 300w\" data-sizes=\"(max-width: 500px) 100vw, 500px\" data-aspect=\"2.7472527472527\" \/>\t\t\t\t\t\t\t\t\t\t\t\t\t\t\t<\/div>\n\t\t\t\t<\/div>\n\t\t\t\t<\/div>\n\t\t<div class=\"elementor-element elementor-element-314aaca e-con-full e-flex e-con e-parent\" data-id=\"314aaca\" data-element_type=\"container\" data-e-type=\"container\">\n\t\t\t\t<div class=\"elementor-element elementor-element-7e63726 elementor-widget elementor-widget-text-editor\" data-id=\"7e63726\" data-element_type=\"widget\" data-e-type=\"widget\" data-widget_type=\"text-editor.default\">\n\t\t\t\t<div class=\"elementor-widget-container\">\n\t\t\t\t\t\t\t\t\t<p>Mescier Demir \u00c7elik, the leading supplier of rolled profiles and Europrofiles, started trading metallurgical products in Karab\u00fck in the early 1960s. In the next phase, it expanded its sales volume with the second branch it opened in Iskenderun.<\/p><p>It started its hot-rolling production operations in 1990 in Karab\u00fck. With its production and export volume continuously expanding, it has recorded steady growth over the years.<\/p><p>With exports to more than 100 countries, it has achieved a strong position in Turkey and the international ferrous metallurgy industry.<\/p><p>All metallurgical products produced in Karab\u00fck and Bart\u0131n rolling mills are produced according to international quality standards.<\/p>\t\t\t\t\t\t\t\t<\/div>\n\t\t\t\t<\/div>\n\t\t\t\t<\/div>\n\t\t\t\t\t<\/div>\n\t\t\t\t<\/div>\n\t\t<div class=\"elementor-element elementor-element-192201b e-flex e-con-boxed e-con e-parent\" data-id=\"192201b\" data-element_type=\"container\" data-e-type=\"container\">\n\t\t\t\t\t<div class=\"e-con-inner\">\n\t\t<div class=\"elementor-element elementor-element-0818f28 e-con-full e-flex e-con e-parent\" data-id=\"0818f28\" data-element_type=\"container\" data-e-type=\"container\">\n\t\t\t\t<div class=\"elementor-element elementor-element-141fcc0 elementor-widget elementor-widget-image\" data-id=\"141fcc0\" data-element_type=\"widget\" data-e-type=\"widget\" data-widget_type=\"image.default\">\n\t\t\t\t<div class=\"elementor-widget-container\">\n\t\t\t\t\t\t\t\t\t\t\t\t\t\t\t<img decoding=\"async\" width=\"500\" height=\"182\" src=\"data:image\/svg+xml;charset=utf-8,%3Csvg xmlns%3D&#039;http%3A%2F%2Fwww.w3.org%2F2000%2Fsvg&#039; viewBox%3D&#039;0 0 500 182&#039;%2F%3E\" class=\"attachment-large size-large wp-image-7534 ld-lazyload\" alt=\"\" data-src=\"https:\/\/prosider.ro\/wp-content\/uploads\/2022\/12\/logo-metinvest.png\" data-srcset=\"https:\/\/prosider.ro\/wp-content\/uploads\/2022\/12\/logo-metinvest.png 500w, https:\/\/prosider.ro\/wp-content\/uploads\/2022\/12\/logo-metinvest-300x109.png 300w\" data-sizes=\"(max-width: 500px) 100vw, 500px\" data-aspect=\"2.7472527472527\" \/>\t\t\t\t\t\t\t\t\t\t\t\t\t\t\t<\/div>\n\t\t\t\t<\/div>\n\t\t\t\t<\/div>\n\t\t<div class=\"elementor-element elementor-element-404092b e-con-full e-flex e-con e-parent\" data-id=\"404092b\" data-element_type=\"container\" data-e-type=\"container\">\n\t\t\t\t<div class=\"elementor-element elementor-element-a050f8c elementor-widget elementor-widget-text-editor\" data-id=\"a050f8c\" data-element_type=\"widget\" data-e-type=\"widget\" data-widget_type=\"text-editor.default\">\n\t\t\t\t<div class=\"elementor-widget-container\">\n\t\t\t\t\t\t\t\t\t<p>Metinvest is an international vertically integrated mining and metallurgy company, our main supplier of LBC and LBR sheets.<\/p><p>The group comprises mining and metallurgical assets in Ukraine, Europe, and the USA, complemented by a global sales network.<\/p><p>Metinvest manages the entire production chain, from iron ore and coal mining to manufacturing semi-finished and finished steel products. With assets close to key rail lines and ports, Metinvest can supply raw materials and steel products anywhere in the world.<\/p><p>Metinvest&#8217;s plants in Ukraine, Italy, Bulgaria, and the UK produce coke, iron, steel blanks, sections, and flat products.<br \/>Metinvest&#8217;s network of sales offices and service centers covers more than 80 countries and provides high-quality products and services to more than 10,000 customers.<\/p>\t\t\t\t\t\t\t\t<\/div>\n\t\t\t\t<\/div>\n\t\t\t\t<\/div>\n\t\t\t\t\t<\/div>\n\t\t\t\t<\/div>\n\t\t<div class=\"elementor-element elementor-element-ad38cfc e-flex e-con-boxed e-con e-parent\" data-id=\"ad38cfc\" data-element_type=\"container\" data-e-type=\"container\">\n\t\t\t\t\t<div class=\"e-con-inner\">\n\t\t<div class=\"elementor-element elementor-element-1754283 e-con-full e-flex e-con e-parent\" data-id=\"1754283\" data-element_type=\"container\" data-e-type=\"container\">\n\t\t\t\t<div class=\"elementor-element elementor-element-83cf84a elementor-widget elementor-widget-image\" data-id=\"83cf84a\" data-element_type=\"widget\" data-e-type=\"widget\" data-widget_type=\"image.default\">\n\t\t\t\t<div class=\"elementor-widget-container\">\n\t\t\t\t\t\t\t\t\t\t\t\t\t\t\t<img loading=\"lazy\" decoding=\"async\" width=\"235\" height=\"50\" src=\"data:image\/svg+xml;charset=utf-8,%3Csvg xmlns%3D&#039;http%3A%2F%2Fwww.w3.org%2F2000%2Fsvg&#039; viewBox%3D&#039;0 0 235 50&#039;%2F%3E\" class=\"attachment-1536x1536 size-1536x1536 wp-image-7681 ld-lazyload\" alt=\"\" data-src=\"https:\/\/prosider.ro\/wp-content\/uploads\/2023\/01\/yucel-boru-logo-1.png\" data-aspect=\"4.7\" \/>\t\t\t\t\t\t\t\t\t\t\t\t\t\t\t<\/div>\n\t\t\t\t<\/div>\n\t\t\t\t<\/div>\n\t\t<div class=\"elementor-element elementor-element-eae898e e-con-full e-flex e-con e-parent\" data-id=\"eae898e\" data-element_type=\"container\" data-e-type=\"container\">\n\t\t\t\t<div class=\"elementor-element elementor-element-9de6e1e elementor-widget elementor-widget-text-editor\" data-id=\"9de6e1e\" data-element_type=\"widget\" data-e-type=\"widget\" data-widget_type=\"text-editor.default\">\n\t\t\t\t<div class=\"elementor-widget-container\">\n\t\t\t\t\t\t\t\t\t<p class=\"v1MsoNormal\"><span lang=\"RO\">Y\u00fccel Boru and Profil End\u00fcstrisi A.S., one of our major suppliers of rectangular pipes, began production in 1969 in Cayirova, Kocaeli and is now continued at its production units in Gebze\/Kocaeli, Osmaniye\/Adana and Yesilkoy\/Hatay.<\/span><\/p><p class=\"v1MsoNormal\"><span lang=\"RO\">The quality policy of Y\u00fccel Boru Profil End\u00fcstrisi A.\u015e is based on &#8220;adequate, reliable, accurate and robust production, in accordance with statutory and regulatory requirements through the efficient, economic and productive use of resources&#8221;.<\/span><\/p><p class=\"v1MsoNormal\"><span lang=\"RO\">As a leading business corporation in the industry, Y\u00fccel Boru and Profil has never suspended its investments and has expanded its production range through the precision pipes plant commissioned in May 2020 in the Organized Industrial Zone Gebze, Kocaeli, which includes industrial pipes, square\/rectangular section profiles, steel structural profiles and steel service center products and offers products both to the domestic and international markets, with a reliable production process in accordance with international standards.<\/span><\/p><p class=\"v1MsoNormal\"><span lang=\"RO\">Maintaining its ranking among the &#8220;Top 50&#8221; of the largest industrial enterprises in Turkey for many years, the Y\u00fccel Boru and Yucel Group companies are consolidating their position as leading producers in Turkey, with their experienced and well-trained staff.<\/span><\/p>\t\t\t\t\t\t\t\t<\/div>\n\t\t\t\t<\/div>\n\t\t\t\t<\/div>\n\t\t\t\t\t<\/div>\n\t\t\t\t<\/div>\n\t\t\t\t<\/div>\n\t\t","protected":false},"excerpt":{"rendered":"<p>Partners Together we add value. Our suppliers are long-term partners and our goal is to maximize this partnership! Since 2002, when our company was established, we have aimed to work only with partners who can deliver quality products. This is the only way we could be sure that we would be able to offer top-quality [&hellip;]<\/p>\n","protected":false},"author":2,"featured_media":0,"parent":0,"menu_order":0,"comment_status":"closed","ping_status":"closed","template":"elementor_header_footer","meta":{"om_disable_all_campaigns":false,"_monsterinsights_skip_tracking":false,"_monsterinsights_sitenote_active":false,"_monsterinsights_sitenote_note":"","_monsterinsights_sitenote_category":0,"footnotes":""},"class_list":["post-7552","page","type-page","status-publish","hentry"],"aioseo_notices":[],"_links":{"self":[{"href":"https:\/\/prosider.ro\/en\/wp-json\/wp\/v2\/pages\/7552","targetHints":{"allow":["GET"]}}],"collection":[{"href":"https:\/\/prosider.ro\/en\/wp-json\/wp\/v2\/pages"}],"about":[{"href":"https:\/\/prosider.ro\/en\/wp-json\/wp\/v2\/types\/page"}],"author":[{"embeddable":true,"href":"https:\/\/prosider.ro\/en\/wp-json\/wp\/v2\/users\/2"}],"replies":[{"embeddable":true,"href":"https:\/\/prosider.ro\/en\/wp-json\/wp\/v2\/comments?post=7552"}],"version-history":[{"count":19,"href":"https:\/\/prosider.ro\/en\/wp-json\/wp\/v2\/pages\/7552\/revisions"}],"predecessor-version":[{"id":10274,"href":"https:\/\/prosider.ro\/en\/wp-json\/wp\/v2\/pages\/7552\/revisions\/10274"}],"wp:attachment":[{"href":"https:\/\/prosider.ro\/en\/wp-json\/wp\/v2\/media?parent=7552"}],"curies":[{"name":"wp","href":"https:\/\/api.w.org\/{rel}","templated":true}]}}